{"id":7810,"date":"2025-10-13T13:17:41","date_gmt":"2025-10-13T13:17:41","guid":{"rendered":"https:\/\/www.nidaplast.com\/mentions-legales\/"},"modified":"2025-12-05T16:26:42","modified_gmt":"2025-12-05T16:26:42","slug":"impressum","status":"publish","type":"page","link":"https:\/\/www.nidaplast.com\/de\/impressum\/","title":{"rendered":"Impressum"},"content":{"rendered":"\t\t<div data-elementor-type=\"wp-page\" data-elementor-id=\"7810\" class=\"elementor elementor-7810 elementor-4057\" data-elementor-post-type=\"page\">\n\t\t\t\t<div class=\"elementor-element elementor-element-d9bcff1 e-flex e-con-boxed e-con e-parent\" data-id=\"d9bcff1\" data-element_type=\"container\" data-e-type=\"container\" data-settings=\"{&quot;background_background&quot;:&quot;classic&quot;}\">\n\t\t\t\t\t<div class=\"e-con-inner\">\n\t\t\t\t<div class=\"elementor-element elementor-element-ea5c9ff elementor-widget elementor-widget-shortcode\" data-id=\"ea5c9ff\" data-element_type=\"widget\" data-e-type=\"widget\" data-widget_type=\"shortcode.default\">\n\t\t\t\t\t\t\t<div class=\"elementor-shortcode\"><nav aria-label=\"breadcrumbs\" class=\"rank-math-breadcrumb\"><p><span class=\"last\">Nidaplast<\/span><\/p><\/nav><\/div>\n\t\t\t\t\t\t<\/div>\n\t\t\t\t<div class=\"elementor-element elementor-element-95ef8dd elementor-widget elementor-widget-heading\" data-id=\"95ef8dd\" data-element_type=\"widget\" data-e-type=\"widget\" data-widget_type=\"heading.default\">\n\t\t\t\t\t<p class=\"elementor-heading-title elementor-size-default\">Rechtliche Hinweise<\/p>\t\t\t\t<\/div>\n\t\t\t\t<div class=\"elementor-element elementor-element-eab5929 margin-longtext elementor-widget elementor-widget-text-editor\" data-id=\"eab5929\" data-element_type=\"widget\" data-e-type=\"widget\" data-widget_type=\"text-editor.default\">\n\t\t\t\t\t\t\t\t\t<p>Diese rechtlichen Hinweise wurden zuletzt am 13. Oktober 2025 aktualisiert.<\/p>\t\t\t\t\t\t\t\t<\/div>\n\t\t\t\t\t<\/div>\n\t\t\t\t<\/div>\n\t\t<div class=\"elementor-element elementor-element-5b2ef25 e-flex e-con-boxed e-con e-parent\" data-id=\"5b2ef25\" data-element_type=\"container\" data-e-type=\"container\">\n\t\t\t\t\t<div class=\"e-con-inner\">\n\t\t\t\t<div class=\"elementor-element elementor-element-079f415 elementor-widget elementor-widget-text-editor\" data-id=\"079f415\" data-element_type=\"widget\" data-e-type=\"widget\" data-widget_type=\"text-editor.default\">\n\t\t\t\t\t\t\t\t\t<p>Die Website wird herausgegeben von NIDAPLAST-HONEYCOMBS, einer vereinfachten Aktiengesellschaft (SASU) mit Sitz in 1524 Rue de la Paix, 59970 Fresnes-sur-Escaut, Frankreich, eingetragen im franz\u00f6sischen Handels- und Gesellschaftsregister unter der Nummer SIREN 971 204 474, mit einem Stammkapital von 1.061.998,62 \u20ac (\u201eder Herausgeber\u201c).<\/p><p>E-Mail-Adresse: contact@nidaplast.com<\/p><p>Telefon: +33 (0)3 27 44 72 00<br \/>Direktorin der Ver\u00f6ffentlichung: Frau Nathalie BUSIN, Leiterin Marketing und Kommunikation.<\/p><p>Hosting der Website:<\/p><p>O2Switch<br \/>Chem. des Pardiaux, 63000 Clermont-Ferrand, Frankreich<\/p><p>Kontakt zum Hosting-Anbieter:<br \/>https:\/\/www.o2switch.fr\/support-hebergeur\/<\/p><p>Der Herausgeber, spezialisiert auf die Herstellung von Materialien f\u00fcr den Tiefbau und die Industrie, betreibt die Website unter https:\/\/www.nidaplast.com\/<br \/>(\u201edie Website\u201c), um Verbrauchern die auf der Website verf\u00fcgbaren und an sie gelieferten Produkte zu pr\u00e4sentieren.<br \/>Die vorliegenden Nutzungsbedingungen (\u201eAGB\u201c), die franz\u00f6sischem Recht unterliegen, regeln die Nutzung der Website.<\/p><p>Der Zugriff auf die Website gilt als ausdr\u00fcckliche und vorbehaltlose Annahme der AGB durch den Nutzer.<\/p><p><strong>1 \u2013 GEISTIGES EIGENTUM<\/strong><\/p><p>Der Herausgeber ist Inhaber s\u00e4mtlicher geistiger Eigentumsrechte an der Website.<\/p><p>Der Zugriff auf die Website verleiht dem Nutzer keinerlei Rechte an den entsprechenden geistigen Eigentumsrechten, die ausschlie\u00dflich beim Herausgeber verbleiben.<\/p><p>Folgende Elemente sind insbesondere durch franz\u00f6sische und internationale Gesetze gesch\u00fctzt:<\/p><p>grafische Gestaltung (Logo, Schriften, Farbkonzept, redaktionelle Inhalte, Auswahl und Platzierung der Illustrationen);<\/p><p>Navigationsstruktur (alle Funktionen, die das Browsing erm\u00f6glichen);<\/p><p>Gesamterscheinungsbild der Website.<\/p><p>Gem\u00e4\u00df Artikel L122-4 des franz\u00f6sischen Gesetzes \u00fcber geistiges Eigentum kann jede nicht vorher genehmigte Nutzung der Website, ganz oder teilweise, rechtliche Schritte nach sich ziehen, insbesondere wegen Urheberrechtsverletzung.<\/p><p><strong>2 \u2013 HYPERLINKS<\/strong><\/p><p>Die Website kann Hyperlinks zu anderen Websites enthalten, die den Nutzer von der Website wegf\u00fchren.<br \/>Der Herausgeber \u00fcbernimmt keinerlei Verantwortung f\u00fcr deren Inhalte oder Nutzung.<\/p><p>Es ist ohne ausdr\u00fcckliche Genehmigung zul\u00e4ssig, einen Link zur Startseite der Website zu erstellen.<br \/>Eine vorherige Anfrage ist nicht erforderlich.<\/p><p>Die Website muss jedoch in einem neuen Browserfenster angezeigt werden.<\/p><p>Der Herausgeber beh\u00e4lt sich das Recht vor, die Entfernung von Links zu verlangen, die dem Zweck der Website widersprechen oder in b\u00f6swilliger Absicht erstellt wurden.<\/p><p>Deep Links, Framing oder Inline Linking erfordern die vorherige ausdr\u00fcckliche Zustimmung des Herausgebers.<\/p><p><strong>3 \u2013 HAFTUNG DES HERAUSGEBERS<\/strong><\/p><p>Die auf der Website enthaltenen Informationen und Dokumente k\u00f6nnen Ungenauigkeiten oder Tippfehler enthalten.<br \/>Der Herausgeber korrigiert diese, sobald sie ihm bekannt werden.<\/p><p>Der Herausgeber haftet in keinem Fall f\u00fcr Sch\u00e4den jeglicher Art, die aus der Interpretation oder Nutzung der Informationen oder Dokumente der Website entstehen.<\/p><p><strong>4 \u2013 ZUGANG ZUR WEBSITE<\/strong><\/p><p>Der Herausgeber bem\u00fcht sich nach besten Kr\u00e4ften, alle auf der Website verf\u00fcgbaren Dienste zug\u00e4nglich zu machen und zu halten.<\/p><p>Der Herausgeber schuldet lediglich eine Bem\u00fchensverpflichtung und haftet nicht f\u00fcr:<\/p><p>kurzfristige Unterbrechungen zur Aktualisierung;<\/p><p>Funktionsst\u00f6rungen oder Unterbrechungen au\u00dferhalb unseres Einflussbereichs, z. B. Strom- oder Telekommunikationsausf\u00e4lle;<\/p><p>vor\u00fcbergehende Unterbrechungen f\u00fcr Weiterentwicklungen oder Wartungsarbeiten;<\/p><p>Ausf\u00e4lle oder St\u00f6rungen des Internets bei der \u00dcbertragung von Nachrichten oder Dokumenten.<\/p><p><strong>5 \u2013 \u00c4NDERUNG DER AGB<\/strong><\/p><p>Die AGB wurden am 13.10.2025 online gestellt.<br \/>Der Herausgeber beh\u00e4lt sich das Recht vor, sie jederzeit und ohne Vorank\u00fcndigung zu \u00e4ndern.<\/p>\t\t\t\t\t\t\t\t<\/div>\n\t\t\t\t\t<\/div>\n\t\t\t\t<\/div>\n\t\t\t\t<\/div>\n\t\t","protected":false},"excerpt":{"rendered":"<p>Rechtliche Hinweise Diese rechtlichen Hinweise wurden zuletzt am 13. Oktober 2025 aktualisiert. Die Website wird herausgegeben von NIDAPLAST-HONEYCOMBS, einer vereinfachten Aktiengesellschaft (SASU) mit Sitz in 1524 Rue de la Paix, 59970 Fresnes-sur-Escaut, Frankreich, eingetragen im franz\u00f6sischen Handels- und Gesellschaftsregister unter der Nummer SIREN 971 204 474, mit einem Stammkapital von 1.061.998,62 \u20ac (\u201eder Herausgeber\u201c). E-Mail-Adresse: [&hellip;]<\/p>\n","protected":false},"author":1,"featured_media":0,"parent":0,"menu_order":0,"comment_status":"closed","ping_status":"closed","template":"","meta":{"_acf_changed":false,"footnotes":""},"class_list":["post-7810","page","type-page","status-publish","hentry"],"acf":[],"_links":{"self":[{"href":"https:\/\/www.nidaplast.com\/de\/wp-json\/wp\/v2\/pages\/7810","targetHints":{"allow":["GET"]}}],"collection":[{"href":"https:\/\/www.nidaplast.com\/de\/wp-json\/wp\/v2\/pages"}],"about":[{"href":"https:\/\/www.nidaplast.com\/de\/wp-json\/wp\/v2\/types\/page"}],"author":[{"embeddable":true,"href":"https:\/\/www.nidaplast.com\/de\/wp-json\/wp\/v2\/users\/1"}],"replies":[{"embeddable":true,"href":"https:\/\/www.nidaplast.com\/de\/wp-json\/wp\/v2\/comments?post=7810"}],"version-history":[{"count":4,"href":"https:\/\/www.nidaplast.com\/de\/wp-json\/wp\/v2\/pages\/7810\/revisions"}],"predecessor-version":[{"id":10294,"href":"https:\/\/www.nidaplast.com\/de\/wp-json\/wp\/v2\/pages\/7810\/revisions\/10294"}],"wp:attachment":[{"href":"https:\/\/www.nidaplast.com\/de\/wp-json\/wp\/v2\/media?parent=7810"}],"curies":[{"name":"wp","href":"https:\/\/api.w.org\/{rel}","templated":true}]}}