{"id":7825,"date":"2025-09-03T14:23:01","date_gmt":"2025-09-03T14:23:01","guid":{"rendered":"https:\/\/www.nidaplast.com\/realisations\/"},"modified":"2025-12-05T16:50:05","modified_gmt":"2025-12-05T16:50:05","slug":"referenzen","status":"publish","type":"page","link":"https:\/\/www.nidaplast.com\/de\/referenzen\/","title":{"rendered":"Referenzen"},"content":{"rendered":"\t\t<div data-elementor-type=\"wp-page\" data-elementor-id=\"7825\" class=\"elementor elementor-7825 elementor-1165\" data-elementor-post-type=\"page\">\n\t\t\t\t<div class=\"elementor-element elementor-element-d5b47de e-flex e-con-boxed e-con e-parent\" data-id=\"d5b47de\" data-element_type=\"container\" data-e-type=\"container\" data-settings=\"{&quot;background_background&quot;:&quot;classic&quot;}\">\n\t\t\t\t\t<div class=\"e-con-inner\">\n\t\t\t\t<div class=\"elementor-element elementor-element-588fe61 elementor-widget elementor-widget-shortcode\" data-id=\"588fe61\" data-element_type=\"widget\" data-e-type=\"widget\" data-widget_type=\"shortcode.default\">\n\t\t\t\t\t\t\t<div class=\"elementor-shortcode\"><nav aria-label=\"breadcrumbs\" class=\"rank-math-breadcrumb\"><p><span class=\"last\">Nidaplast<\/span><\/p><\/nav><\/div>\n\t\t\t\t\t\t<\/div>\n\t\t\t\t<div class=\"elementor-element elementor-element-2b0d754 elementor-widget elementor-widget-heading\" data-id=\"2b0d754\" data-element_type=\"widget\" data-e-type=\"widget\" data-widget_type=\"heading.default\">\n\t\t\t\t\t<h1 class=\"elementor-heading-title elementor-size-default\">Referenzen<\/h1>\t\t\t\t<\/div>\n\t\t\t\t<div class=\"elementor-element elementor-element-ab40a5b elementor-widget elementor-widget-heading\" data-id=\"ab40a5b\" data-element_type=\"widget\" data-e-type=\"widget\" data-widget_type=\"heading.default\">\n\t\t\t\t\t<p class=\"elementor-heading-title elementor-size-default\">Die Projekte unserer Kunden<\/p>\t\t\t\t<\/div>\n\t\t\t\t<div class=\"elementor-element elementor-element-07e6c6c elementor-widget elementor-widget-text-editor\" data-id=\"07e6c6c\" data-element_type=\"widget\" data-e-type=\"widget\" data-widget_type=\"text-editor.default\">\n\t\t\t\t\t\t\t\t\t<p>Entdecken Sie konkrete Beispiele f\u00fcr Projekte, die mit L\u00f6sungen von Nidaplast realisiert wurden.<br \/>Permeable Parkfl\u00e4chen, Regenwasserr\u00fcckhaltebecken, Leichtbaukonstruktionen \u2026<br \/>Lassen Sie sich von Projekten inspirieren, die technische Leistungsf\u00e4higkeit mit Umweltschutz verbinden.<\/p>\t\t\t\t\t\t\t\t<\/div>\n\t\t\t\t\t<\/div>\n\t\t\t\t<\/div>\n\t\t<div class=\"elementor-element elementor-element-bf36e2f e-flex e-con-boxed e-con e-parent\" data-id=\"bf36e2f\" data-element_type=\"container\" data-e-type=\"container\">\n\t\t\t\t\t<div class=\"e-con-inner\">\n\t\t\t\t<div class=\"elementor-element elementor-element-e51705b elementor-widget elementor-widget-shortcode\" data-id=\"e51705b\" data-element_type=\"widget\" data-e-type=\"widget\" data-widget_type=\"shortcode.default\">\n\t\t\t\t\t\t\t<div class=\"elementor-shortcode\"><div class=\"realisations-container posts-container\"><div class=\"realisations-filtres\"><a href=\"\/de\/wp-json\/wp\/v2\/pages\/7825\" class=\"filter active\">Alles anzeigen<\/a><a href=\"\/de\/wp-json\/wp\/v2\/pages\/7825?cat=432\" class=\"filter \">Durchl\u00e4ssige B\u00f6den<\/a><a href=\"\/de\/wp-json\/wp\/v2\/pages\/7825?cat=431\" class=\"filter \">Permeable ground surfaces<\/a><a href=\"\/de\/wp-json\/wp\/v2\/pages\/7825?cat=430\" class=\"filter \">Waterdoorlatende bodems<\/a><a href=\"\/de\/wp-json\/wp\/v2\/pages\/7825?cat=100\" class=\"filter \">Sols perm\u00e9ables<\/a><a href=\"\/de\/wp-json\/wp\/v2\/pages\/7825?cat=438\" class=\"filter \">Leichte Wabenaufsch\u00fcttung<\/a><a href=\"\/de\/wp-json\/wp\/v2\/pages\/7825?cat=437\" class=\"filter \">Lightweight honeycomb backfill<\/a><a href=\"\/de\/wp-json\/wp\/v2\/pages\/7825?cat=436\" class=\"filter \">Licht opvulmateriaal met honingraatstructuur<\/a><a href=\"\/de\/wp-json\/wp\/v2\/pages\/7825?cat=103\" class=\"filter \">Remblai all\u00e9g\u00e9<\/a><a href=\"\/de\/wp-json\/wp\/v2\/pages\/7825?cat=450\" class=\"filter \">Bau<\/a><a href=\"\/de\/wp-json\/wp\/v2\/pages\/7825?cat=448\" class=\"filter \">Bouw<\/a><a href=\"\/de\/wp-json\/wp\/v2\/pages\/7825?cat=449\" class=\"filter \">Building<\/a><a href=\"\/de\/wp-json\/wp\/v2\/pages\/7825?cat=72\" class=\"filter \">B\u00e2timent<\/a><a href=\"\/de\/wp-json\/wp\/v2\/pages\/7825?cat=452\" class=\"filter \">Industrielle Anwendungen<\/a><a href=\"\/de\/wp-json\/wp\/v2\/pages\/7825?cat=379\" class=\"filter \">Industrial applications<\/a><a href=\"\/de\/wp-json\/wp\/v2\/pages\/7825?cat=451\" class=\"filter \">Industri\u00eble toepassingen<\/a><a href=\"\/de\/wp-json\/wp\/v2\/pages\/7825?cat=41\" class=\"filter \">Equipements industriels<\/a><a href=\"\/de\/wp-json\/wp\/v2\/pages\/7825?cat=478\" class=\"filter \">Equipements de loisirs<\/a><a href=\"\/de\/wp-json\/wp\/v2\/pages\/7825?cat=477\" class=\"filter \">Equipements de loisirs<\/a><a href=\"\/de\/wp-json\/wp\/v2\/pages\/7825?cat=476\" class=\"filter \">Equipements de loisirs<\/a><a href=\"\/de\/wp-json\/wp\/v2\/pages\/7825?cat=475\" class=\"filter \">Equipements de loisirs<\/a><a href=\"\/de\/wp-json\/wp\/v2\/pages\/7825?cat=444\" class=\"filter \">Transport<\/a><a href=\"\/de\/wp-json\/wp\/v2\/pages\/7825?cat=443\" class=\"filter \">Transport<\/a><a href=\"\/de\/wp-json\/wp\/v2\/pages\/7825?cat=442\" class=\"filter \">Transport<\/a><a href=\"\/de\/wp-json\/wp\/v2\/pages\/7825?cat=70\" class=\"filter \">Transport<\/a><a href=\"\/de\/wp-json\/wp\/v2\/pages\/7825?cat=447\" class=\"filter \">Bootsbau<\/a><a href=\"\/de\/wp-json\/wp\/v2\/pages\/7825?cat=446\" class=\"filter \">Marine<\/a><a href=\"\/de\/wp-json\/wp\/v2\/pages\/7825?cat=445\" class=\"filter \">Nautisch<\/a><a href=\"\/de\/wp-json\/wp\/v2\/pages\/7825?cat=71\" class=\"filter \">Nautisme<\/a><a href=\"\/de\/wp-json\/wp\/v2\/pages\/7825?cat=441\" class=\"filter \">Dachl\u00f6sungen f\u00fcr Regenwassermanagement<\/a><a href=\"\/de\/wp-json\/wp\/v2\/pages\/7825?cat=440\" class=\"filter \">Rooftop water management<\/a><a href=\"\/de\/wp-json\/wp\/v2\/pages\/7825?cat=439\" class=\"filter \">Waterbeheer op daken<\/a><a href=\"\/de\/wp-json\/wp\/v2\/pages\/7825?cat=104\" class=\"filter \">Toiture terrasse<\/a><a href=\"\/de\/wp-json\/wp\/v2\/pages\/7825?cat=435\" class=\"filter \">Unterirdische R\u00fcckhaltebecken<\/a><a href=\"\/de\/wp-json\/wp\/v2\/pages\/7825?cat=434\" class=\"filter \">Underground basins<\/a><a href=\"\/de\/wp-json\/wp\/v2\/pages\/7825?cat=433\" class=\"filter \">Ondergrondse bassins<\/a><a href=\"\/de\/wp-json\/wp\/v2\/pages\/7825?cat=102\" class=\"filter \">Bassins enterr\u00e9s<\/a><\/div><div class=\"posts\" id=\"realisation-list\"><div class=\"post-item realisation-item link-finder\"><img fetchpriority=\"high\" decoding=\"async\" width=\"1150\" height=\"500\" src=\"https:\/\/www.nidaplast.com\/wp-content\/uploads\/2026\/01\/vegetalisation-des-cimetieres.webp\" class=\"attachment-full size-full wp-post-image\" alt=\"All\u00e9es de cimeti\u00e8re engazonn\u00e9es et accessibles aux v\u00e9hicules gr\u00e2ce \u00e0 des dalles carrossables v\u00e9g\u00e9talis\u00e9es\" srcset=\"https:\/\/www.nidaplast.com\/wp-content\/uploads\/2026\/01\/vegetalisation-des-cimetieres.webp 1150w, https:\/\/www.nidaplast.com\/wp-content\/uploads\/2026\/01\/vegetalisation-des-cimetieres-300x130.webp 300w, https:\/\/www.nidaplast.com\/wp-content\/uploads\/2026\/01\/vegetalisation-des-cimetieres-1024x445.webp 1024w, https:\/\/www.nidaplast.com\/wp-content\/uploads\/2026\/01\/vegetalisation-des-cimetieres-768x334.webp 768w, https:\/\/www.nidaplast.com\/wp-content\/uploads\/2026\/01\/vegetalisation-des-cimetieres-600x261.webp 600w\" sizes=\"(max-width: 1150px) 100vw, 1150px\" \/><div class=\"between\"><a class=\"h3 post-title\" href=\"https:\/\/www.nidaplast.com\/de\/referenzen\/allees-carrossables-vegetalisees-dans-un-cimetiere\/\">Herstellung von befahrbaren, begr\u00fcnten Friedhofswegen im Elsass<\/a><p class=\"post-date\">27 Jan.. 2026<\/p><\/div><\/div><div class=\"post-item realisation-item link-finder\"><img decoding=\"async\" width=\"1150\" height=\"500\" src=\"https:\/\/www.nidaplast.com\/wp-content\/uploads\/2026\/01\/nidaplast-ra600-lightweight-fill-toddbrook-reservoir-spillway-whaley-bridge-1.webp\" class=\"attachment-full size-full wp-post-image\" alt=\"Mise en \u0153uvre de remblai all\u00e9g\u00e9 Nidaplast RA600 pour le nouveau d\u00e9versoir du barrage de Toddbrook \u00e0 Whaley Bridge\" srcset=\"https:\/\/www.nidaplast.com\/wp-content\/uploads\/2026\/01\/nidaplast-ra600-lightweight-fill-toddbrook-reservoir-spillway-whaley-bridge-1.webp 1150w, https:\/\/www.nidaplast.com\/wp-content\/uploads\/2026\/01\/nidaplast-ra600-lightweight-fill-toddbrook-reservoir-spillway-whaley-bridge-1-300x130.webp 300w, https:\/\/www.nidaplast.com\/wp-content\/uploads\/2026\/01\/nidaplast-ra600-lightweight-fill-toddbrook-reservoir-spillway-whaley-bridge-1-1024x445.webp 1024w, https:\/\/www.nidaplast.com\/wp-content\/uploads\/2026\/01\/nidaplast-ra600-lightweight-fill-toddbrook-reservoir-spillway-whaley-bridge-1-768x334.webp 768w, https:\/\/www.nidaplast.com\/wp-content\/uploads\/2026\/01\/nidaplast-ra600-lightweight-fill-toddbrook-reservoir-spillway-whaley-bridge-1-600x261.webp 600w\" sizes=\"(max-width: 1150px) 100vw, 1150px\" \/><div class=\"between\"><a class=\"h3 post-title\" href=\"https:\/\/www.nidaplast.com\/de\/referenzen\/toddbrook-staudamm-stabilisierung-mit-leichtfuellstoff-im-wasserbau\/\">Einbau eines Leichtf\u00fcllstoffs in einem Feuchtgebiet: Sicherung des Toddbrook-Staudamms<\/a><p class=\"post-date\">26 Jan.. 2026<\/p><\/div><\/div><div class=\"post-item realisation-item link-finder\"><img decoding=\"async\" width=\"1150\" height=\"500\" src=\"https:\/\/www.nidaplast.com\/wp-content\/uploads\/2025\/11\/miniature-REALISATIONS-allees-nidagravel-PMR.jpg\" class=\"attachment-full size-full wp-post-image\" alt=\"all\u00e9es en graviers et acc\u00e8s PMR avec nidagravel\" srcset=\"https:\/\/www.nidaplast.com\/wp-content\/uploads\/2025\/11\/miniature-REALISATIONS-allees-nidagravel-PMR.jpg 1150w, https:\/\/www.nidaplast.com\/wp-content\/uploads\/2025\/11\/miniature-REALISATIONS-allees-nidagravel-PMR-300x130.jpg 300w, https:\/\/www.nidaplast.com\/wp-content\/uploads\/2025\/11\/miniature-REALISATIONS-allees-nidagravel-PMR-1024x445.jpg 1024w, https:\/\/www.nidaplast.com\/wp-content\/uploads\/2025\/11\/miniature-REALISATIONS-allees-nidagravel-PMR-768x334.jpg 768w, https:\/\/www.nidaplast.com\/wp-content\/uploads\/2025\/11\/miniature-REALISATIONS-allees-nidagravel-PMR-600x261.jpg 600w\" sizes=\"(max-width: 1150px) 100vw, 1150px\" \/><div class=\"between\"><a class=\"h3 post-title\" href=\"https:\/\/www.nidaplast.com\/de\/referenzen\/kiesstabilisierung-fur-wege-und-barrierefreie-verkehrsflachen\/\">Kiesstabilisierung f\u00fcr Wege und barrierefreie Verkehrsfl\u00e4chen<\/a><p class=\"post-date\">20 Nov.. 2025<\/p><\/div><\/div><div class=\"post-item realisation-item link-finder\"><img loading=\"lazy\" decoding=\"async\" width=\"1150\" height=\"500\" src=\"https:\/\/www.nidaplast.com\/wp-content\/uploads\/2025\/11\/miniature-batiment-1.jpg\" class=\"attachment-full size-full wp-post-image\" alt=\"applications batiment avec nidaplast\" srcset=\"https:\/\/www.nidaplast.com\/wp-content\/uploads\/2025\/11\/miniature-batiment-1.jpg 1150w, https:\/\/www.nidaplast.com\/wp-content\/uploads\/2025\/11\/miniature-batiment-1-300x130.jpg 300w, https:\/\/www.nidaplast.com\/wp-content\/uploads\/2025\/11\/miniature-batiment-1-1024x445.jpg 1024w, https:\/\/www.nidaplast.com\/wp-content\/uploads\/2025\/11\/miniature-batiment-1-768x334.jpg 768w, https:\/\/www.nidaplast.com\/wp-content\/uploads\/2025\/11\/miniature-batiment-1-600x261.jpg 600w\" sizes=\"(max-width: 1150px) 100vw, 1150px\" \/><div class=\"between\"><a class=\"h3 post-title\" href=\"https:\/\/www.nidaplast.com\/de\/referenzen\/bauanwendungen\/\">Bauanwendungen<\/a><p class=\"post-date\">19 Nov.. 2025<\/p><\/div><\/div><div class=\"post-item realisation-item link-finder\"><img loading=\"lazy\" decoding=\"async\" width=\"1150\" height=\"500\" src=\"https:\/\/www.nidaplast.com\/wp-content\/uploads\/2025\/11\/miniature-EOLIEN-1.jpg\" class=\"attachment-full size-full wp-post-image\" alt=\"applications \u00e9olien avec nidaplast\" srcset=\"https:\/\/www.nidaplast.com\/wp-content\/uploads\/2025\/11\/miniature-EOLIEN-1.jpg 1150w, https:\/\/www.nidaplast.com\/wp-content\/uploads\/2025\/11\/miniature-EOLIEN-1-300x130.jpg 300w, https:\/\/www.nidaplast.com\/wp-content\/uploads\/2025\/11\/miniature-EOLIEN-1-1024x445.jpg 1024w, https:\/\/www.nidaplast.com\/wp-content\/uploads\/2025\/11\/miniature-EOLIEN-1-768x334.jpg 768w, https:\/\/www.nidaplast.com\/wp-content\/uploads\/2025\/11\/miniature-EOLIEN-1-600x261.jpg 600w\" sizes=\"(max-width: 1150px) 100vw, 1150px\" \/><div class=\"between\"><a class=\"h3 post-title\" href=\"https:\/\/www.nidaplast.com\/de\/referenzen\/windenergie-anwendungen\/\">Windenergie-Anwendungen<\/a><p class=\"post-date\">19 Nov.. 2025<\/p><\/div><\/div><div class=\"post-item realisation-item link-finder\"><img loading=\"lazy\" decoding=\"async\" width=\"1150\" height=\"500\" src=\"https:\/\/www.nidaplast.com\/wp-content\/uploads\/2025\/11\/MINIATURE-PISCINE-1.jpg\" class=\"attachment-full size-full wp-post-image\" alt=\"applications piscine avec nidaplast\" srcset=\"https:\/\/www.nidaplast.com\/wp-content\/uploads\/2025\/11\/MINIATURE-PISCINE-1.jpg 1150w, https:\/\/www.nidaplast.com\/wp-content\/uploads\/2025\/11\/MINIATURE-PISCINE-1-300x130.jpg 300w, https:\/\/www.nidaplast.com\/wp-content\/uploads\/2025\/11\/MINIATURE-PISCINE-1-1024x445.jpg 1024w, https:\/\/www.nidaplast.com\/wp-content\/uploads\/2025\/11\/MINIATURE-PISCINE-1-768x334.jpg 768w, https:\/\/www.nidaplast.com\/wp-content\/uploads\/2025\/11\/MINIATURE-PISCINE-1-600x261.jpg 600w\" sizes=\"(max-width: 1150px) 100vw, 1150px\" \/><div class=\"between\"><a class=\"h3 post-title\" href=\"https:\/\/www.nidaplast.com\/de\/referenzen\/schwimmbad-anwendungen\/\">Schwimmbad-Anwendungen<\/a><p class=\"post-date\">19 Nov.. 2025<\/p><\/div><\/div><\/div><div class=\"pagination\"><span aria-label=\"Seite 1\" aria-current=\"page\" class=\"page-numbers current\">1<\/span>\n<a aria-label=\"Seite 2\" class=\"page-numbers\" href=\"https:\/\/www.nidaplast.com\/de\/realisations\/?paged=2\">2<\/a>\n<a aria-label=\"Seite 3\" class=\"page-numbers\" href=\"https:\/\/www.nidaplast.com\/de\/realisations\/?paged=3\">3<\/a>\n<span class=\"page-numbers dots\">&hellip;<\/span>\n<a aria-label=\"Seite 5\" class=\"page-numbers\" href=\"https:\/\/www.nidaplast.com\/de\/realisations\/?paged=5\">5<\/a>\n<a class=\"next page-numbers\" href=\"https:\/\/www.nidaplast.com\/de\/realisations\/?paged=2\">\u00bb<\/a><\/div><\/div><\/div>\n\t\t\t\t\t\t<\/div>\n\t\t\t\t\t<\/div>\n\t\t\t\t<\/div>\n\t\t<div class=\"elementor-element elementor-element-96ee470 e-flex e-con-boxed e-con e-parent\" data-id=\"96ee470\" data-element_type=\"container\" data-e-type=\"container\">\n\t\t\t\t\t<div class=\"e-con-inner\">\n\t\t<div class=\"elementor-element elementor-element-55131e1 e-con-full e-flex e-con e-child\" data-id=\"55131e1\" data-element_type=\"container\" data-e-type=\"container\" data-settings=\"{&quot;background_background&quot;:&quot;classic&quot;}\">\n\t\t<div class=\"elementor-element elementor-element-0fceed9 e-con-full e-flex e-con e-child\" data-id=\"0fceed9\" data-element_type=\"container\" data-e-type=\"container\">\n\t\t\t\t<div class=\"elementor-element elementor-element-f875b54 elementor-view-default elementor-widget elementor-widget-icon\" data-id=\"f875b54\" data-element_type=\"widget\" data-e-type=\"widget\" data-widget_type=\"icon.default\">\n\t\t\t\t\t\t\t<div class=\"elementor-icon-wrapper\">\n\t\t\t<div class=\"elementor-icon\">\n\t\t\t<svg xmlns=\"http:\/\/www.w3.org\/2000\/svg\" width=\"60\" height=\"61\" viewBox=\"0 0 60 61\" fill=\"none\"><mask id=\"mask0_6818_3512\" style=\"mask-type:alpha\" maskUnits=\"userSpaceOnUse\" x=\"0\" y=\"0\" width=\"60\" height=\"61\"><rect y=\"0.583008\" width=\"60\" height=\"60\" fill=\"#D9D9D9\"><\/rect><\/mask><g mask=\"url(#mask0_6818_3512)\"><path d=\"M37.9998 37.5828L40.8748 27.2078L31.9998 21.0828L29.1248 31.4578L37.9998 37.5828ZM9.99977 47.6453L7.93727 46.6453C6.6456 46.1036 5.7706 45.1765 5.31227 43.864C4.85393 42.5515 4.91643 41.2494 5.49977 39.9578L9.99977 30.2078V47.6453ZM19.9998 53.0828C18.6248 53.0828 17.4477 52.5828 16.4685 51.5828C15.4893 50.5828 14.9998 49.3953 14.9998 48.0203V33.0828L21.6873 51.4578C21.8123 51.7494 21.9164 52.0307 21.9998 52.3015C22.0831 52.5724 22.2289 52.8328 22.4373 53.0828H19.9998ZM32.8748 52.7703C31.5831 53.2286 30.2914 53.1661 28.9998 52.5828C27.7081 51.9994 26.8331 51.0619 26.3748 49.7703L15.3123 19.2078C14.8539 17.9161 14.9164 16.6349 15.4998 15.364C16.0831 14.0932 17.0206 13.2286 18.3123 12.7703L37.1248 5.89527C38.4164 5.43694 39.6977 5.49944 40.9685 6.08277C42.2394 6.66611 43.1039 7.60361 43.5623 8.89527L54.6873 39.4578C55.1456 40.7494 55.0831 42.0307 54.4998 43.3015C53.9164 44.5724 52.9789 45.4369 51.6873 45.8953L32.8748 52.7703Z\" fill=\"white\"><\/path><\/g><\/svg>\t\t\t<\/div>\n\t\t<\/div>\n\t\t\t\t\t\t<\/div>\n\t\t\t\t<div class=\"elementor-element elementor-element-8d75e4f elementor-widget__width-initial elementor-widget elementor-widget-heading\" data-id=\"8d75e4f\" data-element_type=\"widget\" data-e-type=\"widget\" data-widget_type=\"heading.default\">\n\t\t\t\t\t<p class=\"elementor-heading-title elementor-size-default\">Haben Sie ein \u00e4hnliches Projekt, das Sie mit uns teilen m\u00f6chten?\nHier entlang!<\/p>\t\t\t\t<\/div>\n\t\t\t\t<\/div>\n\t\t\t\t<div class=\"elementor-element elementor-element-f6e6bf0 elementor-widget elementor-widget-button\" data-id=\"f6e6bf0\" data-element_type=\"widget\" data-e-type=\"widget\" data-widget_type=\"button.default\">\n\t\t\t\t\t\t\t\t\t\t<a class=\"elementor-button elementor-button-link elementor-size-sm\" href=\"\/de\/kontakt\/\">\n\t\t\t\t\t\t<span class=\"elementor-button-content-wrapper\">\n\t\t\t\t\t\t\t\t\t<span class=\"elementor-button-text\">Einen Nidaplast-Experten kontaktieren<\/span>\n\t\t\t\t\t<\/span>\n\t\t\t\t\t<\/a>\n\t\t\t\t\t\t\t\t<\/div>\n\t\t\t\t<\/div>\n\t\t\t\t\t<\/div>\n\t\t\t\t<\/div>\n\t\t\t\t<\/div>\n\t\t","protected":false},"excerpt":{"rendered":"<p>Referenzen Die Projekte unserer Kunden Entdecken Sie konkrete Beispiele f\u00fcr Projekte, die mit L\u00f6sungen von Nidaplast realisiert wurden.Permeable Parkfl\u00e4chen, Regenwasserr\u00fcckhaltebecken, Leichtbaukonstruktionen \u2026Lassen Sie sich von Projekten inspirieren, die technische Leistungsf\u00e4higkeit mit Umweltschutz verbinden. Haben Sie ein \u00e4hnliches Projekt, das Sie mit uns teilen m\u00f6chten? Hier entlang! Einen Nidaplast-Experten kontaktieren<\/p>\n","protected":false},"author":1,"featured_media":0,"parent":0,"menu_order":0,"comment_status":"closed","ping_status":"closed","template":"","meta":{"_acf_changed":false,"footnotes":""},"class_list":["post-7825","page","type-page","status-publish","hentry"],"acf":[],"_links":{"self":[{"href":"https:\/\/www.nidaplast.com\/de\/wp-json\/wp\/v2\/pages\/7825","targetHints":{"allow":["GET"]}}],"collection":[{"href":"https:\/\/www.nidaplast.com\/de\/wp-json\/wp\/v2\/pages"}],"about":[{"href":"https:\/\/www.nidaplast.com\/de\/wp-json\/wp\/v2\/types\/page"}],"author":[{"embeddable":true,"href":"https:\/\/www.nidaplast.com\/de\/wp-json\/wp\/v2\/users\/1"}],"replies":[{"embeddable":true,"href":"https:\/\/www.nidaplast.com\/de\/wp-json\/wp\/v2\/comments?post=7825"}],"version-history":[{"count":4,"href":"https:\/\/www.nidaplast.com\/de\/wp-json\/wp\/v2\/pages\/7825\/revisions"}],"predecessor-version":[{"id":10335,"href":"https:\/\/www.nidaplast.com\/de\/wp-json\/wp\/v2\/pages\/7825\/revisions\/10335"}],"wp:attachment":[{"href":"https:\/\/www.nidaplast.com\/de\/wp-json\/wp\/v2\/media?parent=7825"}],"curies":[{"name":"wp","href":"https:\/\/api.w.org\/{rel}","templated":true}]}}